{"id":63482,"date":"2025-07-05T20:30:05","date_gmt":"2025-07-05T20:30:05","guid":{"rendered":"https:\/\/sgkplanet.com\/?page_id=63482"},"modified":"2025-07-05T20:30:05","modified_gmt":"2025-07-05T20:30:05","slug":"sandor-alejandro-gerendas-kiss","status":"publish","type":"page","link":"https:\/\/sgkplanet.com\/en\/sandor-alejandro-gerendas-kiss\/","title":{"rendered":"Sandor Alejandro Gerendas Kiss"},"content":{"rendered":"<p><div class=\"fusion-fullwidth fullwidth-box fusion-builder-row-1 fusion-flex-container has-pattern-background has-mask-background nonhundred-percent-fullwidth non-hundred-percent-height-scrolling\" style=\"--awb-border-radius-top-left:0px;--awb-border-radius-top-right:0px;--awb-border-radius-bottom-right:0px;--awb-border-radius-bottom-left:0px;--awb-flex-wrap:wrap;\" ><div class=\"fusion-builder-row fusion-row fusion-flex-align-items-flex-start fusion-flex-content-wrap\" style=\"max-width:1144px;margin-left: calc(-4% \/ 2 );margin-right: calc(-4% \/ 2 );\"><div class=\"fusion-layout-column fusion_builder_column fusion-builder-column-0 fusion_builder_column_1_2 1_2 fusion-flex-column\" style=\"--awb-bg-size:cover;--awb-width-large:50%;--awb-margin-top-large:0px;--awb-spacing-right-large:3.84%;--awb-margin-bottom-large:20px;--awb-spacing-left-large:3.84%;--awb-width-medium:100%;--awb-order-medium:0;--awb-spacing-right-medium:1.92%;--awb-spacing-left-medium:1.92%;--awb-width-small:100%;--awb-order-small:0;--awb-spacing-right-small:1.92%;--awb-spacing-left-small:1.92%;\"><div class=\"fusion-column-wrapper fusion-column-has-shadow fusion-flex-justify-content-flex-start fusion-content-layout-column\"><a class=\"awb-lightbox awb-lightbox-1\" href=\"https:\/\/sgkplanet.com\/wp-content\/uploads\/2025\/07\/Sandor-Alejandro-Gerendas-Kiss-Websiste-SGK-PLANET-NOSOTROS.jpg\" data-rel=\"iLightbox\"><img decoding=\"async\" src=\"https:\/\/sgkplanet.com\/wp-content\/uploads\/2025\/07\/Sandor-Alejandro-Gerendas-Kiss-Websiste-SGK-PLANET-NOSOTROS.jpg\"><\/a><div class=\"fusion-separator fusion-full-width-sep\" style=\"align-self: center;margin-left: auto;margin-right: auto;margin-top:40px;width:100%;\"><\/div><div class=\"fusion-social-links fusion-social-links-1\" style=\"--awb-margin-top:0px;--awb-margin-right:0px;--awb-margin-bottom:0px;--awb-margin-left:0px;--awb-alignment:center;--awb-box-border-top:0px;--awb-box-border-right:0px;--awb-box-border-bottom:0px;--awb-box-border-left:0px;--awb-icon-colors-hover:rgba(255,255,255,0.8);--awb-box-colors-hover:rgba(232,232,232,0.8);--awb-box-border-color:var(--awb-color3);--awb-box-border-color-hover:var(--awb-color4);\"><div class=\"fusion-social-networks color-type-brand\"><div class=\"fusion-social-networks-wrapper\"><a class=\"fusion-social-network-icon fusion-tooltip fusion-twitter awb-icon-twitter\" style=\"color:#000000;font-size:20px;\" data-placement=\"top\" data-title=\"X\" data-toggle=\"tooltip\" title=\"X\" aria-label=\"twitter\" target=\"_blank\" rel=\"noopener noreferrer\" href=\"https:\/\/x.com\/sgerendaskiss\"><\/a><a class=\"fusion-social-network-icon fusion-tooltip fusion-facebook awb-icon-facebook\" style=\"color:#3b5998;font-size:20px;\" data-placement=\"top\" data-title=\"Facebook\" data-toggle=\"tooltip\" title=\"Facebook\" aria-label=\"facebook\" target=\"_blank\" rel=\"noopener noreferrer\" href=\"https:\/\/www.facebook.com\/sandoralejandrogerendaskiss\"><\/a><a class=\"fusion-social-network-icon fusion-tooltip fusion-instagram awb-icon-instagram\" style=\"color:#c13584;font-size:20px;\" data-placement=\"top\" data-title=\"Instagram\" data-toggle=\"tooltip\" title=\"Instagram\" aria-label=\"instagram\" target=\"_blank\" rel=\"noopener noreferrer\" href=\"https:\/\/www.instagram.com\/sagerendaskiss\/\"><\/a><a class=\"fusion-social-network-icon fusion-tooltip fusion-linkedin awb-icon-linkedin\" style=\"color:#0077b5;font-size:20px;\" data-placement=\"top\" data-title=\"LinkedIn\" data-toggle=\"tooltip\" title=\"LinkedIn\" aria-label=\"linkedin\" target=\"_blank\" rel=\"noopener noreferrer\" href=\"www.linkedin.com\/in\/sgerendaskiss\"><\/a><\/div><\/div><\/div><div class=\"fusion-separator fusion-full-width-sep\" style=\"align-self: center;margin-left: auto;margin-right: auto;margin-top:40px;margin-bottom:40px;width:100%;\"><\/div><div class=\"fusion-reading-box-container reading-box-container-1\" style=\"--awb-title-color:#ffffff;--awb-margin-top:0px;--awb-margin-bottom:84px;\"><div class=\"reading-box reading-box-center\" style=\"background-color:var(--awb-color7);border-width:1px;border-color:#f6f6f6;border-left-width:3px;border-left-color:var(--primary_color);border-style:solid;\"><h2>Author page<\/h2><a class=\"button fusion-button button-default fusion-button-default-size button-default-size button-flat fusion-mobile-button continue-center\" style=\"-webkit-box-shadow:none;-moz-box-shadow:none;box-shadow:none;border-radius:2px 2px 2px 2px\" href=\"https:\/\/www.amazon.com\/author\/sandoragerendaskiss\" target=\"_self\"><span>Amazon<\/span><\/a><\/div><\/div><\/div><\/div><div class=\"fusion-layout-column fusion_builder_column fusion-builder-column-1 fusion_builder_column_1_2 1_2 fusion-flex-column\" style=\"--awb-bg-size:cover;--awb-width-large:50%;--awb-margin-top-large:0px;--awb-spacing-right-large:3.84%;--awb-margin-bottom-large:20px;--awb-spacing-left-large:3.84%;--awb-width-medium:100%;--awb-order-medium:0;--awb-spacing-right-medium:1.92%;--awb-spacing-left-medium:1.92%;--awb-width-small:100%;--awb-order-small:0;--awb-spacing-right-small:1.92%;--awb-spacing-left-small:1.92%;\"><div class=\"fusion-column-wrapper fusion-column-has-shadow fusion-flex-justify-content-flex-start fusion-content-layout-column\"><div class=\"fusion-text fusion-text-1\" style=\"--awb-letter-spacing:1px;--awb-user-select:auto;\"><p style=\"text-align: left; --fontsize: 30; line-height: 1.5;\"><strong><span style=\"color: #003d7a; font-size: 30px; letter-spacing: 0px; line-height: 50px;\" data-fusion-font=\"true\">SANDOR ALEJANDRO GERENDAS-KISS<\/span><\/strong><\/p>\n<\/div><div class=\"fusion-text fusion-text-2\" style=\"--awb-margin-top:-40PX;\"><h4><strong>PRINCIPAL <\/strong><strong>DIRECTOR\u00a0<\/strong><strong>&#8211; CHIEF EDITOR<\/strong><br \/>\n<strong>FOUNDER<\/strong><\/h4>\n<\/div><div class=\"fusion-separator fusion-full-width-sep\" style=\"align-self: center;margin-left: auto;margin-right: auto;width:100%;\"><\/div><div class=\"fusion-text fusion-text-3\"><h3><span style=\"color: #808080;\">Environmentalist, historian, writer. Founder of SGK-PLANET, a website dedicated to environmental preservation and the fight against climate change.<\/span><span style=\"color: #808080;\">\u00a0<\/span><\/h3>\n<\/div><div class=\"fusion-separator fusion-full-width-sep\" style=\"align-self: center;margin-left: auto;margin-right: auto;width:100%;\"><\/div><div class=\"fusion-text fusion-text-4\"><p>He is currently celebrating 10 years of SGK-PLANET, his non-profit website dedicated to the Environment and Climate Change, which he founded with his wife in 2015. With a global reach and acceptance in a significant number of countries, he champions the slogan &#8220;Your Date with the Earth&#8221; for his campaign &#8220;Raising Climate Awareness for a Sustainable Planet.&#8221;<\/p>\n<p>In parallel to his environmental work, he is pursuing his other great passion: writing, which revolves around environmental issues affecting our planet, ranging from essays to fiction.<\/p>\n<p>In June 2025, he will publish his essay &#8220;The Great Depredation. In Just 50 Years We Have Derailed the Earth.&#8221; This book covers the study and analysis of events from the First Earth Summit in 1972 to the year 2022.<\/p>\n<p>In October 2024, he launched the 22nd Century Trilogy series with The Seventh Extinction, Book 1, the first novel in the science fiction saga.<\/p>\n<p>Since 2009, he has been a contributor to the digital media outlet Anal\u00edtica as a columnist in the Environment section. In 2017, he joined the Gestiopolis website as a columnist on the Environment and related topics.<\/p>\n<p>Sandor Alejandro Gerendas Kiss was born in Budapest, Hungary, in 1946. He arrived in Venezuela at the age of two and has lived in Caracas ever since. A businessman with a successful career and international recognition for his work, he is also dedicated to history and the environment.<\/p>\n<p>His work Estad\u00edsticas filat\u00e9licas venezolanas (Venezuelan Philatelic Statistics) (1998) received the Grand Silver Medal and Diploma at the IV Bolivarian Philatelic Exhibition, Santaf\u00e9 de Bogot\u00e1. He also received a Bronze Medal and Diploma at the World Philatelic Literature Exhibition, Sal\u00f3n Mophila Lorca 98, Granada, Spain. In recognition of his book History of Venezuela narrated year by year, 1410-1640 (2005), he was named corresponding member of the History Center of the State of Trujillo, Venezuela.<\/p>\n<\/div><\/div><\/div><\/div><\/div><div class=\"fusion-fullwidth fullwidth-box fusion-builder-row-2 fusion-flex-container has-pattern-background has-mask-background nonhundred-percent-fullwidth non-hundred-percent-height-scrolling\" style=\"--awb-border-radius-top-left:0px;--awb-border-radius-top-right:0px;--awb-border-radius-bottom-right:0px;--awb-border-radius-bottom-left:0px;--awb-flex-wrap:wrap;\" ><div class=\"fusion-builder-row fusion-row fusion-flex-align-items-flex-start fusion-flex-content-wrap\" style=\"max-width:1144px;margin-left: calc(-4% \/ 2 );margin-right: calc(-4% \/ 2 );\"><div class=\"fusion-layout-column fusion_builder_column fusion-builder-column-2 fusion_builder_column_1_1 1_1 fusion-flex-column\" style=\"--awb-bg-size:cover;--awb-width-large:100%;--awb-margin-top-large:0px;--awb-spacing-right-large:1.92%;--awb-margin-bottom-large:20px;--awb-spacing-left-large:1.92%;--awb-width-medium:100%;--awb-order-medium:0;--awb-spacing-right-medium:1.92%;--awb-spacing-left-medium:1.92%;--awb-width-small:100%;--awb-order-small:0;--awb-spacing-right-small:1.92%;--awb-spacing-left-small:1.92%;\"><div class=\"fusion-column-wrapper fusion-column-has-shadow fusion-flex-justify-content-flex-start fusion-content-layout-column\"><\/div><\/div><\/div><\/div><\/p>\n","protected":false},"excerpt":{"rendered":"","protected":false},"author":3,"featured_media":0,"parent":0,"menu_order":0,"comment_status":"closed","ping_status":"closed","template":"","meta":{"footnotes":""},"class_list":["post-63482","page","type-page","status-publish","hentry"],"yoast_head":"<!-- This site is optimized with the Yoast SEO plugin v26.8 - https:\/\/yoast.com\/product\/yoast-seo-wordpress\/ -->\n<title>Sandor Alejandro Gerendas Kiss - SGK-Planet<\/title>\n<meta name=\"robots\" content=\"index, follow, max-snippet:-1, max-image-preview:large, max-video-preview:-1\" \/>\n<link rel=\"canonical\" href=\"https:\/\/sgkplanet.com\/en\/sandor-alejandro-gerendas-kiss\/\" \/>\n<meta property=\"og:locale\" content=\"en_US\" \/>\n<meta property=\"og:type\" content=\"article\" \/>\n<meta property=\"og:title\" content=\"Sandor Alejandro Gerendas Kiss - SGK-Planet\" \/>\n<meta property=\"og:url\" content=\"https:\/\/sgkplanet.com\/en\/sandor-alejandro-gerendas-kiss\/\" \/>\n<meta property=\"og:site_name\" content=\"SGK-Planet\" \/>\n<meta property=\"article:publisher\" content=\"https:\/\/www.facebook.com\/sgkplanet\" \/>\n<meta name=\"twitter:card\" content=\"summary_large_image\" \/>\n<meta name=\"twitter:site\" content=\"@sgkplanet\" \/>\n<meta name=\"twitter:label1\" content=\"Est. reading time\" \/>\n\t<meta name=\"twitter:data1\" content=\"14 minutes\" \/>\n<script type=\"application\/ld+json\" class=\"yoast-schema-graph\">{\"@context\":\"https:\/\/schema.org\",\"@graph\":[{\"@type\":\"WebPage\",\"@id\":\"https:\/\/sgkplanet.com\/en\/sandor-alejandro-gerendas-kiss\/\",\"url\":\"https:\/\/sgkplanet.com\/en\/sandor-alejandro-gerendas-kiss\/\",\"name\":\"Sandor Alejandro Gerendas Kiss - SGK-Planet\",\"isPartOf\":{\"@id\":\"https:\/\/sgkplanet.com\/#website\"},\"datePublished\":\"2025-07-05T20:30:05+00:00\",\"breadcrumb\":{\"@id\":\"https:\/\/sgkplanet.com\/en\/sandor-alejandro-gerendas-kiss\/#breadcrumb\"},\"inLanguage\":\"en-US\",\"potentialAction\":[{\"@type\":\"ReadAction\",\"target\":[\"https:\/\/sgkplanet.com\/en\/sandor-alejandro-gerendas-kiss\/\"]}]},{\"@type\":\"BreadcrumbList\",\"@id\":\"https:\/\/sgkplanet.com\/en\/sandor-alejandro-gerendas-kiss\/#breadcrumb\",\"itemListElement\":[{\"@type\":\"ListItem\",\"position\":1,\"name\":\"Portada\",\"item\":\"https:\/\/sgkplanet.com\/en\/home\/\"},{\"@type\":\"ListItem\",\"position\":2,\"name\":\"Sandor Alejandro Gerendas Kiss\"}]},{\"@type\":\"WebSite\",\"@id\":\"https:\/\/sgkplanet.com\/#website\",\"url\":\"https:\/\/sgkplanet.com\/\",\"name\":\"SGK-Planet\",\"description\":\"SGK-Planet. Sitio web dedicado a la lucha contra el Cambio Clim\u00e1tico. SGK-Planet. Website dedicated to the fight against Climate Change\",\"publisher\":{\"@id\":\"https:\/\/sgkplanet.com\/#organization\"},\"potentialAction\":[{\"@type\":\"SearchAction\",\"target\":{\"@type\":\"EntryPoint\",\"urlTemplate\":\"https:\/\/sgkplanet.com\/?s={search_term_string}\"},\"query-input\":{\"@type\":\"PropertyValueSpecification\",\"valueRequired\":true,\"valueName\":\"search_term_string\"}}],\"inLanguage\":\"en-US\"},{\"@type\":\"Organization\",\"@id\":\"https:\/\/sgkplanet.com\/#organization\",\"name\":\"SGK-Planet\",\"url\":\"https:\/\/sgkplanet.com\/\",\"logo\":{\"@type\":\"ImageObject\",\"inLanguage\":\"en-US\",\"@id\":\"https:\/\/sgkplanet.com\/#\/schema\/logo\/image\/\",\"url\":\"https:\/\/sgkplanet.com\/wp-content\/uploads\/2025\/07\/LOGO-HEADER-SGK-PLANET-PARA-WEB.png\",\"contentUrl\":\"https:\/\/sgkplanet.com\/wp-content\/uploads\/2025\/07\/LOGO-HEADER-SGK-PLANET-PARA-WEB.png\",\"width\":143,\"height\":70,\"caption\":\"SGK-Planet\"},\"image\":{\"@id\":\"https:\/\/sgkplanet.com\/#\/schema\/logo\/image\/\"},\"sameAs\":[\"https:\/\/www.facebook.com\/sgkplanet\",\"https:\/\/x.com\/sgkplanet\",\"https:\/\/www.instagram.com\/sgkplanet\"]}]}<\/script>\n<!-- \/ Yoast SEO plugin. -->","yoast_head_json":{"title":"Sandor Alejandro Gerendas Kiss - SGK-Planet","robots":{"index":"index","follow":"follow","max-snippet":"max-snippet:-1","max-image-preview":"max-image-preview:large","max-video-preview":"max-video-preview:-1"},"canonical":"https:\/\/sgkplanet.com\/en\/sandor-alejandro-gerendas-kiss\/","og_locale":"en_US","og_type":"article","og_title":"Sandor Alejandro Gerendas Kiss - SGK-Planet","og_url":"https:\/\/sgkplanet.com\/en\/sandor-alejandro-gerendas-kiss\/","og_site_name":"SGK-Planet","article_publisher":"https:\/\/www.facebook.com\/sgkplanet","twitter_card":"summary_large_image","twitter_site":"@sgkplanet","twitter_misc":{"Est. reading time":"14 minutes"},"schema":{"@context":"https:\/\/schema.org","@graph":[{"@type":"WebPage","@id":"https:\/\/sgkplanet.com\/en\/sandor-alejandro-gerendas-kiss\/","url":"https:\/\/sgkplanet.com\/en\/sandor-alejandro-gerendas-kiss\/","name":"Sandor Alejandro Gerendas Kiss - SGK-Planet","isPartOf":{"@id":"https:\/\/sgkplanet.com\/#website"},"datePublished":"2025-07-05T20:30:05+00:00","breadcrumb":{"@id":"https:\/\/sgkplanet.com\/en\/sandor-alejandro-gerendas-kiss\/#breadcrumb"},"inLanguage":"en-US","potentialAction":[{"@type":"ReadAction","target":["https:\/\/sgkplanet.com\/en\/sandor-alejandro-gerendas-kiss\/"]}]},{"@type":"BreadcrumbList","@id":"https:\/\/sgkplanet.com\/en\/sandor-alejandro-gerendas-kiss\/#breadcrumb","itemListElement":[{"@type":"ListItem","position":1,"name":"Portada","item":"https:\/\/sgkplanet.com\/en\/home\/"},{"@type":"ListItem","position":2,"name":"Sandor Alejandro Gerendas Kiss"}]},{"@type":"WebSite","@id":"https:\/\/sgkplanet.com\/#website","url":"https:\/\/sgkplanet.com\/","name":"SGK-Planet","description":"SGK-Planet. Sitio web dedicado a la lucha contra el Cambio Clim\u00e1tico. SGK-Planet. Website dedicated to the fight against Climate Change","publisher":{"@id":"https:\/\/sgkplanet.com\/#organization"},"potentialAction":[{"@type":"SearchAction","target":{"@type":"EntryPoint","urlTemplate":"https:\/\/sgkplanet.com\/?s={search_term_string}"},"query-input":{"@type":"PropertyValueSpecification","valueRequired":true,"valueName":"search_term_string"}}],"inLanguage":"en-US"},{"@type":"Organization","@id":"https:\/\/sgkplanet.com\/#organization","name":"SGK-Planet","url":"https:\/\/sgkplanet.com\/","logo":{"@type":"ImageObject","inLanguage":"en-US","@id":"https:\/\/sgkplanet.com\/#\/schema\/logo\/image\/","url":"https:\/\/sgkplanet.com\/wp-content\/uploads\/2025\/07\/LOGO-HEADER-SGK-PLANET-PARA-WEB.png","contentUrl":"https:\/\/sgkplanet.com\/wp-content\/uploads\/2025\/07\/LOGO-HEADER-SGK-PLANET-PARA-WEB.png","width":143,"height":70,"caption":"SGK-Planet"},"image":{"@id":"https:\/\/sgkplanet.com\/#\/schema\/logo\/image\/"},"sameAs":["https:\/\/www.facebook.com\/sgkplanet","https:\/\/x.com\/sgkplanet","https:\/\/www.instagram.com\/sgkplanet"]}]}},"jetpack_sharing_enabled":true,"_links":{"self":[{"href":"https:\/\/sgkplanet.com\/en\/wp-json\/wp\/v2\/pages\/63482","targetHints":{"allow":["GET"]}}],"collection":[{"href":"https:\/\/sgkplanet.com\/en\/wp-json\/wp\/v2\/pages"}],"about":[{"href":"https:\/\/sgkplanet.com\/en\/wp-json\/wp\/v2\/types\/page"}],"author":[{"embeddable":true,"href":"https:\/\/sgkplanet.com\/en\/wp-json\/wp\/v2\/users\/3"}],"replies":[{"embeddable":true,"href":"https:\/\/sgkplanet.com\/en\/wp-json\/wp\/v2\/comments?post=63482"}],"version-history":[{"count":2,"href":"https:\/\/sgkplanet.com\/en\/wp-json\/wp\/v2\/pages\/63482\/revisions"}],"predecessor-version":[{"id":63487,"href":"https:\/\/sgkplanet.com\/en\/wp-json\/wp\/v2\/pages\/63482\/revisions\/63487"}],"wp:attachment":[{"href":"https:\/\/sgkplanet.com\/en\/wp-json\/wp\/v2\/media?parent=63482"}],"curies":[{"name":"wp","href":"https:\/\/api.w.org\/{rel}","templated":true}]}}